{"id":4513,"date":"2010-12-01T01:09:40","date_gmt":"2010-12-01T00:09:40","guid":{"rendered":"http:\/\/www.burpenterprise.com\/burp\/"},"modified":"2013-08-18T21:29:30","modified_gmt":"2013-08-18T20:29:30","slug":"semerssuaq-selected-reviews","status":"publish","type":"page","link":"https:\/\/www.burpenterprise.com\/burp\/units\/semerssuaq-2\/semerssuaq-selected-reviews\/","title":{"rendered":"SEMERSSUAQ selected reviews"},"content":{"rendered":"<p><strong>SEMERSSUAQ: SOMETHING ABOUT EVERYDAY PARAORDINARY<\/strong><\/p>\n<h6><span style=\"color: #000000;\"><em><a href=\"http:\/\/www.teologhe.org\/index.php?option=com_content&amp;task=view&amp;id=292&amp;Itemid=98\"><span style=\"color: #000000;\">Agnese Fortuna<\/span><\/a>, <\/em><\/span><em><span style=\"color: #000000;\">Nove<\/span>mbre 2010<\/em><\/h6>\n<p><em><br \/>\n<\/em><\/p>\n<p>Con Semerssuaq \u00e8 poesia: almeno nel senso che la sobriet\u00e0 della composizione \u00e8 di rigore. Ma per nulla in chiave minimalista. L\u2019impressione \u00e8 piuttosto quella di ritrovarsi d\u2019un tratto a interferire con tutto lo spessore, l\u2019intrico delle lunghezze d\u2019onda del sostrato caparbiamente pulsante, incoerente, misconosciuto ma vitale, dell\u2019ordinario. Universo sensitivo, dalle molteplici confluenze ricettive e reattive, in cui comprendiamo ora, con un senso di liberatoria esilarazione, di essere costantemente immersi interagendoci per lo pi\u00f9 senza rendercene conto. Un universo pieno di vie d\u2019uscita, pressoch\u00e9 infinite per ogni via d\u2019entrata attraverso la quale vi siamo incappati: un inatteso ma creativo ventaglio di possibilit\u00e0 inesauribili. Rinvenimenti e scoperte che ci richiamano in causa tanto quanto mettono a nudo le nostre strategiche tentazioni di estraniamento.<\/p>\n<p>Le tracce sonore si dilatano e si contraggono, coagulando insieme risonanze ed evocazioni. Non mere registrazioni di <em>sense data, <\/em>neppure solo occasionali modulazioni di reperti in presa diretta o raffinate eco di armonici psichici, biografici. Tutto questo c\u2019\u00e8, ma nella forma dell\u2019interazione, della reiterazione, della variazione, dell\u2019assonanza per scarto e giustapposizione, dell\u2019elisione e dell\u2019interpolazione, tecnica frammentaria, a volte recisamente discontinua, che non teme affatto le rarefazioni. Il risultato \u00e8 s\u00ec una sorta di mappatura lacunosa, ma del genere che rende vividamente il nostro permanere nella compresenza: lo spazio, l\u2019ambiente ci viene rivelato come il nostro primo interlocutore. \u00c8 piuttosto la soglia della nostra attenzione a determinare la tenuta del tessuto che il tempo, variamente percepito e determinato, va da sempre tessendo.<\/p>\n<p>Qui certamente si d\u00e0 voce all\u2019implicito delle pratiche quotidiane apparentemente solitarie, marginali. E per\u00f2 scopriamo, con gran sollievo e ben pi\u00f9 che filosofica meraviglia, che non siamo mai soli, mai inutilizzati: artefatti come i manufatti di cui facciamo uso, costruiti e riconvertiti come loro in ricettori, attivi nella tutta apparentemente subita passivit\u00e0 che li esaurisce, li consuma, li destabilizza, li perverte trasformandoli in altro e altro ancora, del divenire. Che persino come inconsapevole proferta \u00e8 pur parola \u2013 ma non sembra questo il caso \u2013, (in\/dis)articolazione: e la parola non \u00e8 forse, come dice il poeta, l\u2019unica nostra <em>raison d\u2019etre<\/em>?<\/p>\n<p>&nbsp;<\/p>\n<p style=\"text-align: right;\"><strong><em><em>\u2014\u2014\u2014\u2014\u2014\u2014\u2014\u2014\u2014\u2014\u2014\u2014\u2014\u2014\u2014\u2014\u2014\u2014\u2014\u2014\u2014\u2014\u2014\u2014\u2014\u2014\u2014\u2014\u2014\u2014\u2014<em>\u2014\u2014\u2014\u2014\u2014\u2014\u2014\u2014\u2014\u2014\u2014<em><em>\u2014\u2014\u2014<\/em><\/em>\u2014\u2014\u2014\u2014\u2014\u2014\u2014\u2014\u2014\u2014\u2014\u2014\u2014\u2014\u2014\u2014<strong><em>\u2014\u2014<\/em><\/strong>\u2014\u2014\u2014\u2014<\/em><\/em><\/em><span style=\"font-size: 13px; line-height: 19px;\">\u00a0<\/span><\/strong><\/p>\n<h4 style=\"text-align: right;\"><span style=\"color: #000000;\"><em><em>BACK TO <\/em><em><strong><a href=\"https:\/\/www.burpenterprise.com\/burp\/system-files\/units\/semerssuaq-2\/\"><span style=\"color: #000000;\">Semerssuaq<\/span><\/a><\/strong><\/em><em><strong> <\/strong><\/em><\/em><\/span><\/h4>\n<h4 style=\"text-align: right;\"><span style=\"color: #000000;\"><em><em><strong> <\/strong>BACK TO <\/em><a href=\"https:\/\/www.burpenterprise.com\/burp\/system-files\/units\/\"><span style=\"color: #000000;\"><em><strong>Units<\/strong><\/em><\/span><\/a><\/em><\/span><\/h4>\n<p style=\"text-align: right;\"><em><em><strong><em>\u2014\u2014\u2014\u2014\u2014\u2014\u2014\u2014\u2014\u2014\u2014\u2014\u2014\u2014\u2014\u2014\u2014\u2014\u2014\u2014\u2014\u2014\u2014\u2014\u2014\u2014\u2014\u2014\u2014\u2014\u2014<em>\u2014\u2014\u2014\u2014\u2014\u2014\u2014\u2014\u2014\u2014\u2014<em><em>\u2014\u2014\u2014<\/em><\/em>\u2014\u2014\u2014\u2014\u2014\u2014\u2014\u2014\u2014\u2014\u2014\u2014\u2014\u2014\u2014\u2014<strong><em>\u2014\u2014<\/em><\/strong>\u2014\u2014\u2014\u2014<\/em><\/em><\/strong><\/em><\/em><\/p>\n<div><em><em><strong><em><em><br \/>\n<\/em><\/em><\/strong><\/em><\/em><\/div>\n<p><em><br \/>\n<\/em><\/p>\n","protected":false},"excerpt":{"rendered":"<p>SEMERSSUAQ: SOMETHING ABOUT EVERYDAY PARAORDINARY Agnese Fortuna, Novembre 2010 Con Semerssuaq \u00e8 poesia: almeno nel senso che la sobriet\u00e0 della composizione \u00e8 di rigore. Ma per nulla in chiave minimalista. L\u2019impressione \u00e8 piuttosto quella di ritrovarsi d\u2019un tratto a interferire con tutto lo spessore, l\u2019intrico delle lunghezze d\u2019onda del sostrato caparbiamente pulsante, incoerente, misconosciuto ma [&hellip;]<\/p>\n","protected":false},"author":4,"featured_media":0,"parent":2831,"menu_order":2,"comment_status":"closed","ping_status":"closed","template":"","meta":{"footnotes":""},"_links":{"self":[{"href":"https:\/\/www.burpenterprise.com\/burp\/wp-json\/wp\/v2\/pages\/4513"}],"collection":[{"href":"https:\/\/www.burpenterprise.com\/burp\/wp-json\/wp\/v2\/pages"}],"about":[{"href":"https:\/\/www.burpenterprise.com\/burp\/wp-json\/wp\/v2\/types\/page"}],"author":[{"embeddable":true,"href":"https:\/\/www.burpenterprise.com\/burp\/wp-json\/wp\/v2\/users\/4"}],"replies":[{"embeddable":true,"href":"https:\/\/www.burpenterprise.com\/burp\/wp-json\/wp\/v2\/comments?post=4513"}],"version-history":[{"count":11,"href":"https:\/\/www.burpenterprise.com\/burp\/wp-json\/wp\/v2\/pages\/4513\/revisions"}],"predecessor-version":[{"id":13799,"href":"https:\/\/www.burpenterprise.com\/burp\/wp-json\/wp\/v2\/pages\/4513\/revisions\/13799"}],"up":[{"embeddable":true,"href":"https:\/\/www.burpenterprise.com\/burp\/wp-json\/wp\/v2\/pages\/2831"}],"wp:attachment":[{"href":"https:\/\/www.burpenterprise.com\/burp\/wp-json\/wp\/v2\/media?parent=4513"}],"curies":[{"name":"wp","href":"https:\/\/api.w.org\/{rel}","templated":true}]}}