{"id":40,"date":"2006-03-25T02:41:53","date_gmt":"2006-03-25T01:41:53","guid":{"rendered":"http:\/\/www.cioccolatai.it\/burp\/burp-publications\/mhmusic\/e-neem-projekt\/"},"modified":"2006-10-01T02:01:12","modified_gmt":"2006-10-01T01:01:12","slug":"e-neem-projekt","status":"publish","type":"page","link":"https:\/\/www.burpenterprise.com\/burp\/burp-publications\/mhmusic\/e-neem-projekt\/","title":{"rendered":"e-n.e.e.m projekt"},"content":{"rendered":"<p><a class=\"imagelink\" title=\"disegno dado allungato.jpg\" href=\"https:\/\/www.burpenterprise.com\/burp\/files\/2006\/04\/disegno%20dado%20allungato.jpg\"><img decoding=\"async\" id=\"image55\" alt=\"disegno dado allungato.jpg\" src=\"https:\/\/www.burpenterprise.com\/burp\/files\/2006\/04\/disegno%20dado%20allungato.miniatura.jpg\" \/><\/a>e-N.E.E.M. Projekt<br \/>\n&#8220;Jodel Del Segafanciullo&#8221;<br \/>\nMHM5<\/p>\n<p><a class=\"imagelink\" title=\"jodel .jpg\" href=\"https:\/\/www.burpenterprise.com\/burp\/files\/2006\/04\/jodel%20.jpg\"><img decoding=\"async\" id=\"image97\" alt=\"jodel .jpg\" src=\"https:\/\/www.burpenterprise.com\/burp\/files\/2006\/04\/jodel%20.jpg\" \/><\/a><\/p>\n<p>Enrico Amendolia \/ electric bass guitar, doublebass Jacopo Andreini \/ alto &#038; tenor saxophone, percussions, vocal Federica Balboni \/ violin Valentina Barlacchi \/ vocal Stefano Bartolini \/ tenor &#038; baritone saxophone Fabio Commodore Bussonati \/ percussions Giovanni Canale \/ percussions Paolino Ciampi \/ trombone Massimo Ciolli \/ electric guitar Brunella Brio D&#8217;andrea \/ vocal Francesco Donnini \/ cornet, keyboards, accordion, trombone, guitar, vocal Franca Donnini \/ acoustic guitar, vocal Marco Soffietto Giovannoni \/ tenor saxophone, clarinet, violin, vocal Jimmy Gelli \/ electric bass guitar, cds Guglielmo Julo Lattanz Lattanzi \/ cello, sexophone, vocal Marco Lugli \/ alto clarinet, alto saxophone, vocal Wj Meatball \/ jp set, cds, jp percussions, euphonium Marina Ekaterini Mulopulos \/ vocal Nicotina \/ electric guitar Emiliano Nigi \/ keyboards, vocal Mauro Orselli \/ drums Francesca Mchs \/ percussions, devices, vocal Isolina Ravenda \/ vocal Gianfranco Ginko Ravenni \/ trumpet, vocal Augusto Ricci \/ baritone saxhorn, vocal Edoardo Dado Ricci \/ alto saxophone, bass clarinet, trombone, cornet Piergiorgio Ricci \/ trumpet Eugenio Sanna \/ electric &#038; acoustic guitar, vocal Francesca Taranto \/ electric bass guitar, vocal Jd Zazie \/ cds, turntables<\/p>\n<p>tracklist:<br \/>\nProgramma, Volantino e Adesivo (5\u2019 06\u2019\u2019)<br \/>\nLa Casta Susanna e i Vecchioni col Glaucoma (2\u201926\u2019\u2019)<br \/>\nIl Sacramentiere del Bracconaggio Ecologico ediz. 2002 (5\u201924\u2019\u2019)<br \/>\nSannacarullus: alla riscoperta del gustoso Tubero del Gran Sasso<br \/>\nPer la moderna tecnica di piallatura d&#8217;un asse isogonade (5\u201900\u2019\u2019)<br \/>\nLa Persistenza del Ricordo in una Mente Opaca (5\u201906\u2019\u2019)<br \/>\nLe 120 Giornalaje di Sodoma (6\u201900\u2019\u2019)<br \/>\nL&#8217;allegro locatario psicotico (6\u201938\u2019\u2019)<br \/>\nRidi, Ridi&#8230; (5\u201935\u2019\u2019)<br \/>\nSegnale stradale messo a Caso (6\u201930\u2019\u2019)<br \/>\nLunario per l&#8217;agricoltore evoluto e il fotoamatore moderno (7\u201930\u2019\u2019)<br \/>\nL&#8217;Aurora dei Fertilizzanti Drastici (5\u201924\u2019\u2019)<br \/>\nLe Lucertole di Empoli (3:21)<br \/>\nIl Grande Spirito del fiume Farma e la sua Cagna Nera (1\u201927\u2019\u2019)<\/p>\n<p><a class=\"imagelink\" title=\"e-neem 1\" href=\"https:\/\/www.burpenterprise.com\/burp\/files\/2006\/04\/e%20neem%201.jpg\"><img decoding=\"async\" id=\"image56\" alt=\"e-neem 1\" src=\"https:\/\/www.burpenterprise.com\/burp\/files\/2006\/04\/e%20neem%201.miniatura.jpg\" \/><\/a><br \/>\nJodel Del Segafanciullo \u00e8 il primo disco per l\u2019orchestra improvvisativa mutante e-N.E.E.M., naturale sviluppo e conseguenza del N.E.E.M, seminale formazione fiorentina di musica sotterranea e non rassicurante.<br \/>\nDel N.E.E.M-Teatrazz (Nuove Esperienze Eretico Musicali -Teatro jazz, o teatro del cazz, a scelta) originario, nato a Firenze e durato dal 1972 al 1998, rimane solo il famigerato LP Come eravamo brutti da piccini edito nel 1980 dalla Materiali Sonori di San Giovanni Valdarno e una partecipazione a un disco antologico che testimonia la scena new wave fiorentina di quegli anni.<\/p>\n<p>Nel 1968 (o era 1986 ?), chiamati dai sindacati per animare scioperi degli operai in lotta, manifestazioni antinucleari e manifestazioni per la casa, seguivano i cortei sul loro leggendario camion carichi di strumenti e megafoni per lanciare gli slogan di una nuova estetica cinica, ironica ed agguerrita.<\/p>\n<p>L&#8217;imponente orchestra, in un trentennio di vita, ha potuto vantare importanti collaborazioni ed ospiti eccezionali. Si ricorda il lungo sodalizio con Carlo Monni, e lo spettacolo con Victor Cavallo su testi di Lautreamont, la collaborazione con il musicista Steve Piccolo e la cantante Betty Gilmore.<\/p>\n<p>Con la ridicola fine del trascorso milliennio, l&#8217;orchestra N.E.E.M. ha ritenuto doveroso suicidarsi.<\/p>\n<p>Quello che da allora aleggia, \u00e8 dunque il viscido e limaccioso ectoplasma di quel defunto sodalizio di spiriti buoni e virtuosi: accompagnato da un mutevole Coro ipergregoriano, e-N.E.E.M., ha intenzione di manifestarsi inopinatamente per un altro millennio buono.<\/p>\n<p><a class=\"imagelink\" title=\"e-neem 2\" href=\"https:\/\/www.burpenterprise.com\/burp\/files\/2006\/04\/e-neem3.jpg\" \/><a class=\"imagelink\" title=\"e-neem 2\" href=\"https:\/\/www.burpenterprise.com\/burp\/files\/2006\/04\/e-neem3.jpg\"><img decoding=\"async\" id=\"image57\" alt=\"e-neem 2\" src=\"https:\/\/www.burpenterprise.com\/burp\/files\/2006\/04\/e-neem3.miniatura.jpg\" \/><\/a><br \/>\ne-N.E.E.M. sta per &#8220;Ectoplasma (delle) (disciolte) Nuove Esperienze (di) Eresia Musicale . La &#8220;e&#8221; di ectoplasma ha per\u00f2 la lineetta come nella parola e-mail, in quanto il dibattito fra i pi\u00f9 di quaranta componenti dell\u2019orchestra si svolge in gran parte tramite posta elettronica, e l&#8217;archivio delle lettere costituisce il corpus pi\u00f9 completo delle visioni, coalizioni, discussioni e risse, oltre a contenere tutti gli strumenti di lavoro.<br \/>\nLa particolare struttura dell&#8217;ectoplasma e la diversissima natura dei suoi musicisti, rende inevitabile, ad ogni concerto, un certo numero di variazioni nella formazione e, la possibilit\u00e0 di accogliere ospiti illustri e oscuri questuanti. Nei concerti \u00e8 stato cercato lo sviluppo di un sistema per convogliare l&#8217;improvvisazione di gruppi di musicisti, cantanti e attori molto numerosi ed eterogenei. Quando tutti i musicisti suonano insieme vengono indicati con il nome di MAGMA, ma l\u2019orchestra \u00e8 suddivisa in una dozzina di gruppi:<br \/>\nAGIOGRAFICI, BANDA DI CAJENNA, BOIS DE BOULOGNE, BRAXTONGEOMETRICI, CHICAGO, COSMIC DEBRIS,<br \/>\nFILARMONICA EDUARDO ELLINGUS, IPERGREGORIANI , MOON UNIT, \u2018nGRAT CORE, ODORI BALCANICI, ORTOBOTANICI, PELLERIA, SEGOVIONI.<br \/>\nIl disco Jodel Del Segafanciullo testimonia l&#8217;esperienza.<br \/>\nUn nucleo ovviamente importante \u00e8 costituito da membri del vecchio N.E.E.M. Nel disco i &#8220;superstiti&#8221; sono i sassofonisti Edoardo Ricci, Guglielmo Lattanzi, Stefano Bartolini e Marco Giovannoni, il cantante trombonista Pippo Picchietti, i trombettisti Ginko Ravenni e Francesco Donnini.<\/p>\n<p><a class=\"imagelink\" title=\"pippo\" href=\"https:\/\/www.burpenterprise.com\/burp\/files\/2006\/04\/andre%CC%81%20picus.jpg\" \/><a class=\"imagelink\" title=\"pippo\" href=\"https:\/\/www.burpenterprise.com\/burp\/files\/2006\/04\/andre%CC%81%20picus.jpg\"><img decoding=\"async\" id=\"image58\" alt=\"pippo\" src=\"https:\/\/www.burpenterprise.com\/burp\/files\/2006\/04\/andre%CC%81%20picus.miniatura.jpg\" \/><\/a><br \/>\nIl fiatista, poeta e disegnatore Edoardo Ricci \u00e8 il principale tramite d&#8217;unione fra il N.E.E.M. storico e gli altri centri nevralgici umani e musicali, che frequenta intensamente in varie e differenti combinazioni dalla seconda met\u00e0 degli anni \u201990.<\/p>\n<p>Il collettivo Burp a cui fanno riferimento Mat Pogo, WJ Meatball (con cui Ricci divide dal 1996 la ragione sociale del gruppo punk astratto JEALOUSY PARTY), Nicotina, Jimmy Gelli, JD Zazie, Brio ecc.<\/p>\n<p>Jacopo Andreini (titolare della casa editrice FRIGORIFERO PROD.) batterista e sassofonista impegnato in numerosissimi gruppi e imprese editoriali underground (di Andreini ascolta su Burp Publications il nuovo vs 900 dove ci sono tracce anche delle collaborazioni con il nucleo del N.E.E.M. originario)<\/p>\n<p>Enrico Amendolia (Flora &#038; Fauna, Colonial rec.), Marina Mulopulos, Francesca MCH provenienti dall\u2019esperienza livornese MINIMOVIMENTO.<\/p>\n<p>Ma la chiave di volta del gruppo \u00e8 il chitarrista Eugenio Sanna, gi\u00e0 chitarrista del N.E.E.M. dal 1981, personaggio di spicco nel mondo dell&#8217;improvvisazione totale, al punto da essere stato chiamato recentemente a un&#8217;universit\u00e0 di New York per un ciclo di lezioni, il quale, insieme a Debly Cerri, responsabile del Circolo Salvadori di Sant&#8217;Ermete (PI), ha dato vita a numerose rassegne di grande interesse e rigore, Il gruppo pisano di Sanna comprende i batteristi Nanni Canale e Mauro Orselli, (entrambi nel N.E.E.M. dalla fine degli anni &#8217;80) e la cantante franco-italiana Isolina Ravenda.<\/p>\n<p>Nel gruppo poi sono presenti jazzisti interessanti fra cui il chitarrista e compositore Massimo mc2 Ciolli e la bassista cantante Francesca Taranto di Firenze, e diversi musicisti di formazione classica.<\/p>\n<p>Produzione: Circolo &#8220;Mario Salvadori&#8221; di Sant&#8217;Ermete (PI) con il contributo della Comunit\u00e0 Europea. (progetto F.S.E. n\u00b0 980005IO).<br \/>\nSupervisione: Debly Cerri. Coproduzione: e-NEEM projekt.<br \/>\nCoordinamento editoriale: WJ Meatball &#038; Mat Pogo<br \/>\nRegistrazione presso il teatro di S.Maria al Monte (PI) tra il 20 e 21 aprile 2002:<br \/>\nJacopo Andreini e Enrico Amendolia. Missaggio ai Frigorifero Studios (PT), il 22 e 23 aprile 2002: Jacopo Andreini. Edizione: Jacopo Andreini.<br \/>\nMastering al Blue Note studio di Campi Bisenzio (FI): Massimiliano Landini.<br \/>\nImmagini, pitture, immaginazioni: Edoardo Ricci. Fotografie: Simone Bacci (colori), Jacopo Andreini (bn)<br \/>\nAntefatto alchemico: Eugenio Sanna. Coartazione  e-N.E.E.M. e percezione  r.e.m.per titoli di suite e tracce: Francesco Donnini.<br \/>\nNote di copertina: Luca Collepiccolo. Documentazione filmata e archivi: Fabio Commodore Bussonati.<br \/>\nIl disco \u00e8 uscito nel settembre 2002<\/p>\n<p><a class=\"imagelink\" title=\"franca.jpg\" href=\"https:\/\/www.burpenterprise.com\/burp\/files\/2006\/04\/franca.jpg\" \/><a class=\"imagelink\" title=\"franca.jpg\" href=\"https:\/\/www.burpenterprise.com\/burp\/files\/2006\/04\/franca.jpg\"><img decoding=\"async\" id=\"image60\" alt=\"franca.jpg\" src=\"https:\/\/www.burpenterprise.com\/burp\/files\/2006\/04\/franca.miniatura.jpg\" \/><\/a><br \/>\n<a class=\"imagelink\" title=\"polanna.jpg\" href=\"https:\/\/www.burpenterprise.com\/burp\/files\/2006\/04\/polanna.jpg\"><img decoding=\"async\" id=\"image59\" alt=\"polanna.jpg\" src=\"https:\/\/www.burpenterprise.com\/burp\/files\/2006\/04\/polanna.jpg\" \/><\/a><\/p>\n<p>Scrivono  dell&#8217; e-N.E.E.M. Projekt Luca Collepiccolo dalle note di copertina e Etero Genio dalle pagine di Spectrum<\/p>\n<p>&#8216;Teatro del grottesco, baccanale, qualunque sia il punto d&#8217;osservazione, avrete sempre &#8211; e comunque &#8211; innanzi ai vostri occhi (ed orecchie) un&#8217;esperienza totale, dissacrante, catartica. Una grande abbuffata &#8211; parafrasando Ferreri &#8211; in cui il suono diviene magmatico per poi ritrovarsi in momenti addirittura pacati od<br \/>\nin passaggi finemente melodrammatici. Un campo d&#8217;azione necessariamente aperto e fertile quello in cui muove l&#8217;e-N.E.E.M. ensemble dalle multiple finalit\u00e0: tra teatro d&#8217;avanguardia, libera improvvisazione e musiche di rottura. L&#8217;organico del progetto \u00e8 inteso come &#8216;aperto&#8217;, sorta di gigantesca fisarmonica: ingressi nuovi e comparsate rendono di volta in volta piccante e imprevedibile lo svolgimento delle operazioni. Potremmo addirittura parlare di una collisione tra esperienze diverse, momenti storici che si sovrappongono al fine di creare un insieme schizoide, puntualmente astratto. Del resto una nutrita fetta dell&#8217;organico \u00e8 reduce dai formativi anni con i N.E.E.M. &#8211; Teatrazz (Nuove Esperienze Eretico Musicali- teatro jazz, o teatro del cazz, a scelta)- una stagione lunga quasi cinque lustri dal 1974 al 1998 &#8211; ed altra sezione dell&#8217;ensemble memore di esperienze nel pi\u00f9 dissennato free-form rock (la &#8216;cantina&#8217; aperta e banco di prova effettivo con il nomignolo Colonial Recordings, il luogo la prima sede del CPA in Firenze). Percorsi stranianti in definitiva, che si incrociano, nel nome di un attentato alle strategie &#8216;clericali&#8217; dell&#8217;accademia, micro-gruppi che agiscono secondo figure pre-definite, per poi ritrovarsi in quel possente &#8216;magma&#8217;, laddove i musicisti in campo suonano all&#8217;unisono &#8211; si presume &#8211; per giungere ad una vera e propria liberazione istintiva. Ma \u00e8 bene ricordare che questa pop\u00f2 di orchestra \u00e8 suddivisa in una dozzina di<br \/>\ngruppi, che indipendentemente contribuiscono alla creazione di un insieme, di un canovaccio. E se ne ascoltano di belle, merito dell&#8217;eclettismo dei nostri,<br \/>\ntalenti deviati che mettono spesso da parte il proprio DNA (fosse jazz, avant, post-punk o quant&#8217;altro) per giungere alla creazione di momenti unici, non mere<br \/>\nrepliche stilistiche, ma veri e propri numeri da avanspettacolo. Perch\u00e9 in questo baillame di influssi sono proprio il gioco per la citazione, lo slancio teatrale, la parata avveniristica a segnare le danze. Quello che accade in concerto \u00e8 presto detto: la proiezione di una sessantina di diapositive &#8211; che indicano il nome dell&#8217;ensemble protagonista e il canovaccio cui ispirarsi &#8211; \u00e8 l&#8217;atto rivelatorio, il<br \/>\npercorso attraverso il quale si manifesta un piano pi\u00f9 ampio. Ed \u00e8 appunto anche la forza cinematica ad emergere da questi radianti solchi. Ogni interpretazione \u00e8 quindi diversa, non v&#8217;\u00e8 performance speculare, tutto \u00e8 giocato in funzione dell&#8217;occasione (che ricordiamo fa l&#8217;uomo ladro). Oltre trenta gli elementi coinvolti nell&#8217;e-N.E.E.M., un patrimonio invidiabile che ricordiamo funzionale su pi\u00f9 piani, quello del teatro d&#8217;avanguardia e della libera improvvisazione, memore per\u00f2 di un pasticcio ironico e fortemente folklorico, teso spesso a soppesare atti e movenze artistiche cos\u00ec dinamitarde ed oltre frontiera. Buon ascolto. Luca Collepiccolo<\/p>\n<p>Si tratta di un insieme, come dicono loro stessi, formato da &#8216;musicisti, attori, poeti, cabarettisti, scansafatiche, disturbatori della quiete pubblica, casalinghe, ferrovieri in pensione, punk foruncolosi e vecchie cariatidi&#8217;. Quella che ne risulta \u00e8 un&#8217;esperienza unica per il nostro paese, un laboratorio libero al cui interno pu\u00f2 succedere di tutto e nel quale termini quali teatro, poesia e improvvisazione musicale perdono inevitabilmente le loro rigide connotazioni. All&#8217;interno della N.E.E.M. confluiscono il teatro di strada, le bande di New Orleans, il barrelhouse , i kollektief olandesi, il cabaret, i medicine show e molto altro. Ma soprattutto nello specifico di &#8220;Jodel\u2026&#8221;, che \u00e8 progetto discografico e quindi diverso da quelle che sono poi le esibizioni dal vivo, c&#8217;\u00e8 tanta musica: dal jazz al blues, dal rock alla tradizione araba, dalla musica popolare alla tradizione demenziale italiana. &#8220;Jodel\u2026&#8221; \u00e8 un CD talmente ricco di idee che analizzarne i singoli frammenti esula dallo spazio e dal tempo che ho a disposizione, lascio quindi questa incombenza al lettore avventuroso che decider\u00e0 di addentrarsi in questo corroborante dedalo di gag, scampoli e citazioni.<br \/>\ndi Etero Genio (no \u00a9)<br \/>\nhttp:\/\/digilander.libero.it\/spectrumzine\/rece\/eneem.html<\/p>\n<p>Contatti:  genukvalgo@inwind.it,  abpippo@tin.it,<br \/>\nbombardillo@supereva.it, isolina.ravenda@tin.it,<br \/>\nemmeci2@tin.it, frigorifero_prod@hotmail.com<\/p>\n","protected":false},"excerpt":{"rendered":"<p>e-N.E.E.M. Projekt &#8220;Jodel Del Segafanciullo&#8221; MHM5 Enrico Amendolia \/ electric bass guitar, doublebass Jacopo Andreini \/ alto &#038; tenor saxophone, percussions, vocal Federica Balboni \/ violin Valentina Barlacchi \/ vocal Stefano Bartolini \/ tenor &#038; baritone saxophone Fabio Commodore Bussonati \/ percussions Giovanni Canale \/ percussions Paolino Ciampi \/ trombone Massimo Ciolli \/ electric guitar [&hellip;]<\/p>\n","protected":false},"author":3,"featured_media":0,"parent":23,"menu_order":0,"comment_status":"open","ping_status":"closed","template":"","meta":{"footnotes":""},"_links":{"self":[{"href":"https:\/\/www.burpenterprise.com\/burp\/wp-json\/wp\/v2\/pages\/40"}],"collection":[{"href":"https:\/\/www.burpenterprise.com\/burp\/wp-json\/wp\/v2\/pages"}],"about":[{"href":"https:\/\/www.burpenterprise.com\/burp\/wp-json\/wp\/v2\/types\/page"}],"author":[{"embeddable":true,"href":"https:\/\/www.burpenterprise.com\/burp\/wp-json\/wp\/v2\/users\/3"}],"replies":[{"embeddable":true,"href":"https:\/\/www.burpenterprise.com\/burp\/wp-json\/wp\/v2\/comments?post=40"}],"version-history":[{"count":2,"href":"https:\/\/www.burpenterprise.com\/burp\/wp-json\/wp\/v2\/pages\/40\/revisions"}],"predecessor-version":[{"id":2310,"href":"https:\/\/www.burpenterprise.com\/burp\/wp-json\/wp\/v2\/pages\/40\/revisions\/2310"}],"up":[{"embeddable":true,"href":"https:\/\/www.burpenterprise.com\/burp\/wp-json\/wp\/v2\/pages\/23"}],"wp:attachment":[{"href":"https:\/\/www.burpenterprise.com\/burp\/wp-json\/wp\/v2\/media?parent=40"}],"curies":[{"name":"wp","href":"https:\/\/api.w.org\/{rel}","templated":true}]}}