{"id":36,"date":"2006-03-25T02:24:18","date_gmt":"2006-03-25T01:24:18","guid":{"rendered":"http:\/\/www.cioccolatai.it\/burp\/burp-publications\/mhmusic\/uochi-toki-laze-biose\/"},"modified":"2006-04-13T05:04:01","modified_gmt":"2006-04-13T04:04:01","slug":"uochi-toki-laze-biose","status":"publish","type":"page","link":"https:\/\/www.burpenterprise.com\/burp\/burp-publications\/mhmusic\/uochi-toki-laze-biose\/","title":{"rendered":"uochi toki"},"content":{"rendered":"<p><a title=\"uochi toki laze biose\" class=\"imagelink\" href=\"https:\/\/www.burpenterprise.com\/burp\/files\/2006\/02\/uotolabi.jpg\"><img decoding=\"async\" alt=\"uochi toki laze biose\" id=\"image7\" src=\"https:\/\/www.burpenterprise.com\/burp\/files\/2006\/02\/uotolabi.jpg\" \/><\/a>Uochi Toki<br \/>\n&#8220;Uochi Toki&#8221;<br \/>\n[MHM9]<br \/>\nRico \/ beats  Napo \/ words Fele \/ noise<\/p>\n<p><a title=\"ut .jpg\" class=\"imagelink\" href=\"https:\/\/www.burpenterprise.com\/burp\/files\/2006\/04\/ut%20.jpg\"><img decoding=\"async\" alt=\"ut .jpg\" id=\"image72\" src=\"https:\/\/www.burpenterprise.com\/burp\/files\/2006\/04\/ut%20.jpg\" \/><\/a><\/p>\n<p>Uochi Toki<br \/>\n&#8220;Vocapatch&#8221;<br \/>\n[MHM6]<br \/>\nRico \/ beats  Napo \/ words Fele \/ screams<\/p>\n<p><a title=\"vocapatch.jpg\" class=\"imagelink\" href=\"https:\/\/www.burpenterprise.com\/burp\/files\/2006\/04\/vocapatch.jpg\"><img decoding=\"async\" alt=\"vocapatch.jpg\" id=\"image71\" src=\"https:\/\/www.burpenterprise.com\/burp\/files\/2006\/04\/vocapatch.jpg\" \/><\/a><\/p>\n<p>Tra le espressioni dominanti pochi idiomi si prestano come l&#8217;hip hop (se questo \u00e8 il termine) a rendere difficile la distinzione tra cloni colonizzati e fioriture coloniali. Da quell&#8217;area scaturisce una musica che dal Senegal alla Francia, dalla Turchia alla Cina utilizza e reinterpreta strumenti e modalit\u00e0 comuni.<br \/>\nAnche il nostro stivale tricolore pu\u00f2 vantare una storia del genere, con alti e bassi di attenzione e espressione ma con un tendenziale posizionamento in una zona-rispetto al mercato e alle comunit\u00e0- di nicchia.<br \/>\nQuesta nuova uscita per la collana mhmusic  \u00e8 una mutazione imprevista seppur prevedibile e auspicabile di questo percorso.<br \/>\nConcentrata sull&#8217;uso della parola in maniera contundente, l&#8217;espressione coloniale, a sto giro, usa la musica di basi e mc per una sintesi ruvida e urgente, sotterranea e freeform.<br \/>\nPer una volta di pi\u00f9 \u00e8 in una zona pi\u00f9 che codificata che si avverte la brezza di una grande libert\u00e0.<\/p>\n<p>Vocapatch \u00e8 il primo disco per la formazione denominata Uochi Toki.<br \/>\nUochi Tochi sono la drammatica conseguenza dell&#8217;esperienza denominata Laze Biose di cui spicca per determinatezza il percorso; Dall\u2019oltrep\u00f2 pavese, lontani da locali metropoli scene musicali e quant\u2019altro, un tape e due cd autoprodotti alle spalle che pure una certa attenzione riscuotono nell&#8217;ambito della scena hip hop italiana. Ma \u00e8 tanto e tale il fiele che viene sprigionato sulla stessa che \u00e8 gi\u00e0 da quel momento dell&#8217;uscita del loro ultimo caustico cd &#8220;Scusate, secondo voi il dentifricio costituisce ancora uno status symbol?&#8221; \u00e8 evidente che questi mcs e produttori hanno bisogno di pi\u00f9 aria e spazi diversi per poter stare comodi.<br \/>\nLe cose per i Laze Biose si stavano mettendo troppo bene,qualcuno cominciava a capire che oltre agli insulti si potevano leggere dei contenuti positivi e degli spunti interessanti nei testi e nella musica. Tutto ci\u00f2 doveva essere fermato.<br \/>\nE&#8217; a questo punto che nasce il progetto Uochi Toki. Rico alle musiche, Napo alla parola e Fele alle urla registrano Vocapatch un album che in 62 minuti si sviluppa tra rap incalzanti sprovvisti di ritornelli supportati da basi sporche, disturbate, ma sincopate, inserti hard core primitivo e zone strumentali. Niente suona come loro.<br \/>\nDopo Vocapatch, per la Burp esce Uochi Toki in cui il gioco ulteriormente si estremizza e approfondisce e certe intuizioni si sviluppano in zone non mappate.<br \/>\nNonostante l&#8217;attenzione riservatagli da media tutt&#8217;altro che di nicchia con questo disco dalla struttura spiazzante (81 brani non titolati, nessuna nota di copertina, anzi, quasi nessuna copertina in modo da non distrarre dai contenuti, cosi&#8217; ci tengono a precisare), Uochi Toki riaffermano la loro unicit\u00e0, ma anche alterit\u00e0, non solo rispetto all&#8217; universo hip hop, ma all&#8217; universo in s\u00e9, majoritario o indi\/pendente purtroppo non cambia molto, con una sintesi di basi rumori e parola contundente e imbarazzante come nessun altro in giro.<br \/>\nSe, come molti, il disco lo aveste gi\u00e0, e vi fosse rimasta la voglia, sappiate che loro, stakanovisti, sono gi\u00e0 al lavoro al fisherprice studio (www.studiodiregistrazione.cjb.net) per il nuovo album uochi toki laze biose che uscir\u00e0 a dicembre 2005.<\/p>\n","protected":false},"excerpt":{"rendered":"<p>Uochi Toki &#8220;Uochi Toki&#8221; [MHM9] Rico \/ beats Napo \/ words Fele \/ noise Uochi Toki &#8220;Vocapatch&#8221; [MHM6] Rico \/ beats Napo \/ words Fele \/ screams Tra le espressioni dominanti pochi idiomi si prestano come l&#8217;hip hop (se questo \u00e8 il termine) a rendere difficile la distinzione tra cloni colonizzati e fioriture coloniali. Da [&hellip;]<\/p>\n","protected":false},"author":3,"featured_media":0,"parent":23,"menu_order":0,"comment_status":"closed","ping_status":"closed","template":"","meta":{"footnotes":""},"_links":{"self":[{"href":"https:\/\/www.burpenterprise.com\/burp\/wp-json\/wp\/v2\/pages\/36"}],"collection":[{"href":"https:\/\/www.burpenterprise.com\/burp\/wp-json\/wp\/v2\/pages"}],"about":[{"href":"https:\/\/www.burpenterprise.com\/burp\/wp-json\/wp\/v2\/types\/page"}],"author":[{"embeddable":true,"href":"https:\/\/www.burpenterprise.com\/burp\/wp-json\/wp\/v2\/users\/3"}],"replies":[{"embeddable":true,"href":"https:\/\/www.burpenterprise.com\/burp\/wp-json\/wp\/v2\/comments?post=36"}],"version-history":[{"count":0,"href":"https:\/\/www.burpenterprise.com\/burp\/wp-json\/wp\/v2\/pages\/36\/revisions"}],"up":[{"embeddable":true,"href":"https:\/\/www.burpenterprise.com\/burp\/wp-json\/wp\/v2\/pages\/23"}],"wp:attachment":[{"href":"https:\/\/www.burpenterprise.com\/burp\/wp-json\/wp\/v2\/media?parent=36"}],"curies":[{"name":"wp","href":"https:\/\/api.w.org\/{rel}","templated":true}]}}